{"id":6,"date":"2023-04-18T18:37:13","date_gmt":"2023-04-18T16:37:13","guid":{"rendered":"https:\/\/www.yukokuramatsu.com\/?page_id=6"},"modified":"2024-10-25T17:47:24","modified_gmt":"2024-10-25T15:47:24","slug":"mentions-legales-2","status":"publish","type":"page","link":"https:\/\/www.yukokuramatsu.com\/en_us\/mentions-legales-2\/","title":{"rendered":"Legal Notice"},"content":{"rendered":"<h3 class=\"wp-block-heading\">\u00c9diteur du site<\/h3>\n\n\n\n<p><strong>Mme KURAMATSU Yuko<\/strong><br>86000 Poitiers<\/p>\n\n\n\n<p>S:&nbsp;514 955 277<br>T:&nbsp;06 18 79 18 04<br>C:&nbsp;<a href=\"mailto:contact@yukokuramatsu.com\">contact@yukokuramatsu.com<\/a><\/p>\n\n\n\n<h3 class=\"wp-block-heading\">H\u00e9bergement<\/h3>\n\n\n\n<p><strong>Hostinger International Ltd<\/strong>. (Ltd. private limited company)<br>61 Lordou Vironos st. <br>6023 Larnaca, the Republic of Cyprus<br><br>W:&nbsp;<a href=\"https:\/\/www.hostinger.fr\/\">www.hostinger.fr<\/a><\/p>\n\n\n\n<h3 class=\"wp-block-heading\">Respect for privacy<\/h3>\n\n\n\n<p>In accordance with the law \"Informatique et Libert\u00e9s\" of January 6, 1978 (modified by the law relating to the protection of individuals with regard to the processing of personal data of August 6, 2004), you have a right to access and rectification of the information entered from this website. This information will not be communicated to third parties.<\/p>\n\n\n\n<h3 class=\"wp-block-heading\">Copyright<\/h3>\n\n\n\n<p class=\"translation-block\">This website and all of its content, including text, still or moving images, databases, programs, etc., is protected by copyright.\nIn accordance with article L. 122-4 of the French Intellectual Property Code, it is prohibited to reproduce, copy, modify, transmit, distribute in any way whatsoever, even partially, on any type of medium, any element originating of this site (for example, but not exclusively: texts, logos, images, sound elements, videos, software, icons) without the explicit and preliminary authorization on behalf of Mrs. KURAMATSU Yuko.<\/p>\n\n\n\n<div class=\"wp-block-uagb-advanced-heading uagb-block-b253d4ac\"><h4 class=\"uagb-heading-text\">Avertissement concernant l&rsquo;utilisation des photos<\/h4><\/div>\n\n\n\n<p>Si vous souhaitez partager des photos de ce site sur les r\u00e9seaux sociaux ou autre sites web, vous <strong>devez cr\u00e9diter l&rsquo;auteur des photos<\/strong>, avec lien vers le site web de l&rsquo;auteur.<\/p>\n\n\n\n<p>Dans le cadre des photos r\u00e9alis\u00e9es par <strong>Guillaume H\u00e9raut<\/strong>, le site web \u00e0 indiquer est <a href=\"https:\/\/www.guillaume-heraud.com\">https:\/\/www.guillaume-heraud.com<\/a> &#8211; v\u00e9rifier les mentions sur les photos.<\/p>\n\n\n\n<p>Si il n&rsquo;y a pas mention, vous devez cr\u00e9diter Yuko Kuramatsu, dont le site web est : <a href=\"https:\/\/www.yukokuramatsu.com\/en_us\/\">https:\/\/yukokuramatsu.com<\/a><\/p>\n\n\n\n<p><\/p>\n\n\n\n<h3 class=\"wp-block-heading\">Link Disclaimer<\/h3>\n\n\n\n<p class=\"translation-block\">This website may provide links or references to other sites, but Ms. KURAMATTU Yuko is not responsible for the content of said other sites, and will not be held liable for any damage or injury resulting therefrom.\nThe publisher reserves the right to request the removal of a link that it considers inconsistent with the editorial line.\nYou can share your comments or complaints on the contact page.<\/p>","protected":false},"excerpt":{"rendered":"<p>\u00c9diteur du site Mme KURAMATSU Yuko86000 Poitiers S:&nbsp;514 955 277T:&nbsp;06 18 79 18 04C:&nbsp;contact@yukokuramatsu.com H\u00e9bergement Hostinger International Ltd. (Ltd. private limited company)61 Lordou Vironos st. 6023 Larnaca, the Republic of [&hellip;]<\/p>\n","protected":false},"author":1,"featured_media":0,"parent":0,"menu_order":0,"comment_status":"closed","ping_status":"closed","template":"","meta":{"_eb_attr":"","_uag_custom_page_level_css":"","pgc_sgb_lightbox_settings":"","_EventAllDay":false,"_EventTimezone":"","_EventStartDate":"","_EventEndDate":"","_EventStartDateUTC":"","_EventEndDateUTC":"","_EventShowMap":false,"_EventShowMapLink":false,"_EventURL":"","_EventCost":"","_EventCostDescription":"","_EventCurrencySymbol":"","_EventCurrencyCode":"","_EventCurrencyPosition":"","_EventDateTimeSeparator":"","_EventTimeRangeSeparator":"","_EventOrganizerID":[],"_EventVenueID":[],"_OrganizerEmail":"","_OrganizerPhone":"","_OrganizerWebsite":"","_VenueAddress":"","_VenueCity":"","_VenueCountry":"","_VenueProvince":"","_VenueState":"","_VenueZip":"","_VenuePhone":"","_VenueURL":"","_VenueStateProvince":"","_VenueLat":"","_VenueLng":"","_VenueShowMap":false,"_VenueShowMapLink":false,"footnotes":""},"class_list":["post-6","page","type-page","status-publish","hentry"],"uagb_featured_image_src":{"full":false,"thumbnail":false,"medium":false,"medium_large":false,"large":false,"1536x1536":false,"2048x2048":false,"trp-custom-language-flag":false,"mailpoet_newsletter_max":false,"woocommerce_thumbnail":false,"woocommerce_single":false,"woocommerce_gallery_thumbnail":false},"uagb_author_info":{"display_name":"yukok","author_link":"https:\/\/www.yukokuramatsu.com\/en_us\/author\/yukok\/"},"uagb_comment_info":0,"uagb_excerpt":"\u00c9diteur du site Mme KURAMATSU Yuko86000 Poitiers S:&nbsp;514 955 277T:&nbsp;06 18 79 18 04C:&nbsp;contact@yukokuramatsu.com H\u00e9bergement Hostinger International Ltd. (Ltd. private limited company)61 Lordou Vironos st. 6023 Larnaca, the Republic of [&hellip;]","jetpack_sharing_enabled":true,"_links":{"self":[{"href":"https:\/\/www.yukokuramatsu.com\/en_us\/wp-json\/wp\/v2\/pages\/6","targetHints":{"allow":["GET"]}}],"collection":[{"href":"https:\/\/www.yukokuramatsu.com\/en_us\/wp-json\/wp\/v2\/pages"}],"about":[{"href":"https:\/\/www.yukokuramatsu.com\/en_us\/wp-json\/wp\/v2\/types\/page"}],"author":[{"embeddable":true,"href":"https:\/\/www.yukokuramatsu.com\/en_us\/wp-json\/wp\/v2\/users\/1"}],"replies":[{"embeddable":true,"href":"https:\/\/www.yukokuramatsu.com\/en_us\/wp-json\/wp\/v2\/comments?post=6"}],"version-history":[{"count":6,"href":"https:\/\/www.yukokuramatsu.com\/en_us\/wp-json\/wp\/v2\/pages\/6\/revisions"}],"predecessor-version":[{"id":2553,"href":"https:\/\/www.yukokuramatsu.com\/en_us\/wp-json\/wp\/v2\/pages\/6\/revisions\/2553"}],"wp:attachment":[{"href":"https:\/\/www.yukokuramatsu.com\/en_us\/wp-json\/wp\/v2\/media?parent=6"}],"curies":[{"name":"wp","href":"https:\/\/api.w.org\/{rel}","templated":true}]}}