{"id":1212,"date":"2021-09-03T10:08:18","date_gmt":"2021-09-03T08:08:18","guid":{"rendered":"https:\/\/www.yukokuramatsu.com\/produit\/broche-futuroscope-5\/"},"modified":"2025-08-26T14:45:59","modified_gmt":"2025-08-26T12:45:59","slug":"broche-futuroscope-5","status":"publish","type":"product","link":"https:\/\/www.yukokuramatsu.com\/en_us\/product\/broche-futuroscope-5\/","title":{"rendered":"Broche Borne N10"},"content":{"rendered":"<p><strong>Nerikomi : ni peint ni imprim\u00e9<\/strong><\/p>\n<div id=\"description\" class=\"tab-pane fade in active\">\n<div class=\"product-description\">\n<p>Broche faite avec la technique \u201cnerikomi\u201d, autrement dit n\u00e9riage, terres-m\u00eal\u00e9es. Les couleurs sont dans la masse, ce n\u2019est ni peint ni imprim\u00e9. Les d\u00e9grad\u00e9 de couleurs ou les lignes, tout ce que vous voyez sur cette pi\u00e8ce sont le r\u00e9sultat de assemblage de petits morceaux de porcelaine teint\u00e9es pr\u00e9alablement par Yuko, elle-m\u00eame.<br \/>\nVeuillez noter qu&rsquo;il s&rsquo;agit d&rsquo;une petite s\u00e9rie, il n&rsquo;y a pas deux pi\u00e8ces identiques, au niveau de la forme et les d\u00e9tails.<\/p>\n<p>Elle sera toujours avec vous sur votre t-shirt, votre pull, votre manteau, votre bonnet, votre sac&#8230; ^_^<\/p>\n<p><span style=\"text-decoration: underline;\">La carte d&rsquo;explicatif de la technique et la notice d\u2019entretien fournie avec.<\/span><\/p>\n<\/div>\n<\/div>","protected":false},"excerpt":{"rendered":"<p>La s\u00e9rie \u00ab\u00a0I love Poitou-Charentes\u00a0\u00bb.<\/p>\n<p>Borne N10.<\/p>\n<p>Vous choisissez l&rsquo;accroche soit \u00ab\u00a0broche (\u00e9pingle)\u00a0\u00bb soit \u00ab\u00a0pin&rsquo;s\u00a0\u00bb (voir photos avec exemple ci-contre ^_^)<\/p>\n<div id=\"product-description-short-164\">\n<p>Ces couleurs, ces lignes, tous les motifs, ce n&rsquo;est pas peint, c&rsquo;est r\u00e9alis\u00e9 avec la technique Nerikomi : le modelage de petits morceaux de porcelaines color\u00e9es diff\u00e9remment !! ^-^ Vous allez aimer porter \u00e7a !! ^-^ Ou \u00e0 offrir, pour elle, pour lui, pour tous ^_^<\/p>\n<\/div>","protected":false},"featured_media":1209,"template":"","meta":{"_eb_attr":"","_uag_custom_page_level_css":"","pgc_sgb_lightbox_settings":"","_EventAllDay":false,"_EventTimezone":"","_EventStartDate":"","_EventEndDate":"","_EventStartDateUTC":"","_EventEndDateUTC":"","_EventShowMap":false,"_EventShowMapLink":false,"_EventURL":"","_EventCost":"","_EventCostDescription":"","_EventCurrencySymbol":"","_EventCurrencyCode":"","_EventCurrencyPosition":"","_EventDateTimeSeparator":"","_EventTimeRangeSeparator":"","_EventOrganizerID":[],"_EventVenueID":[],"_OrganizerEmail":"","_OrganizerPhone":"","_OrganizerWebsite":"","_VenueAddress":"","_VenueCity":"","_VenueCountry":"","_VenueProvince":"","_VenueState":"","_VenueZip":"","_VenuePhone":"","_VenueURL":"","_VenueStateProvince":"","_VenueLat":"","_VenueLng":"","_VenueShowMap":false,"_VenueShowMapLink":false},"product_brand":[],"product_cat":[62,59],"product_tag":[],"class_list":{"0":"post-1212","1":"product","2":"type-product","3":"status-publish","4":"has-post-thumbnail","6":"product_cat-broches-et-pin-s","7":"product_cat-deco-et-accessoires","8":"pa_accroche-c9-broche","9":"pa_accroche-43-pins","10":"pa_couleur-a2-rouge","11":"pa_couleur-87-vertpomme","12":"pa_dimensions-3f-25x25x3mm10mmavecaccroche","13":"pa_matieres-8b-porcelaine","15":"first","16":"instock","17":"shipping-taxable","18":"product-type-variable","19":"has-default-attributes"},"uagb_featured_image_src":{"full":["https:\/\/www.yukokuramatsu.com\/wp-content\/uploads\/2021\/09\/721-Broche-Borne-N10.jpg",2160,2160,false],"thumbnail":["https:\/\/www.yukokuramatsu.com\/wp-content\/uploads\/2021\/09\/721-Broche-Borne-N10-150x150.jpg",150,150,true],"medium":["https:\/\/www.yukokuramatsu.com\/wp-content\/uploads\/2021\/09\/721-Broche-Borne-N10-300x300.jpg",300,300,true],"medium_large":["https:\/\/www.yukokuramatsu.com\/wp-content\/uploads\/2021\/09\/721-Broche-Borne-N10-768x768.jpg",768,768,true],"large":["https:\/\/www.yukokuramatsu.com\/wp-content\/uploads\/2021\/09\/721-Broche-Borne-N10-1024x1024.jpg",1024,1024,true],"1536x1536":["https:\/\/www.yukokuramatsu.com\/wp-content\/uploads\/2021\/09\/721-Broche-Borne-N10-1536x1536.jpg",1536,1536,true],"2048x2048":["https:\/\/www.yukokuramatsu.com\/wp-content\/uploads\/2021\/09\/721-Broche-Borne-N10-2048x2048.jpg",2048,2048,true],"trp-custom-language-flag":["https:\/\/www.yukokuramatsu.com\/wp-content\/uploads\/2021\/09\/721-Broche-Borne-N10-12x12.jpg",12,12,true],"mailpoet_newsletter_max":["https:\/\/www.yukokuramatsu.com\/wp-content\/uploads\/2021\/09\/721-Broche-Borne-N10-1320x1320.jpg",1320,1320,true],"woocommerce_thumbnail":["https:\/\/www.yukokuramatsu.com\/wp-content\/uploads\/2021\/09\/721-Broche-Borne-N10-450x450.jpg",450,450,true],"woocommerce_single":["https:\/\/www.yukokuramatsu.com\/wp-content\/uploads\/2021\/09\/721-Broche-Borne-N10-600x600.jpg",600,600,true],"woocommerce_gallery_thumbnail":["https:\/\/www.yukokuramatsu.com\/wp-content\/uploads\/2021\/09\/721-Broche-Borne-N10-100x100.jpg",100,100,true]},"uagb_author_info":{"display_name":"yukok","author_link":"https:\/\/www.yukokuramatsu.com\/en_us\/author\/"},"uagb_comment_info":0,"uagb_excerpt":"La s\u00e9rie \"I love Poitou-Charentes\". Borne N10. Vous choisissez l'accroche soit \"broche (\u00e9pingle)\" soit \"pin's\" (voir photos avec exemple ci-contre ^_^) Ces couleurs, ces lignes, tous les motifs, ce n'est pas peint, c'est r\u00e9alis\u00e9 avec la technique Nerikomi : le modelage de petits morceaux de porcelaines color\u00e9es diff\u00e9remment !! ^-^ Vous allez aimer porter \u00e7a&hellip;","jetpack_sharing_enabled":true,"_links":{"self":[{"href":"https:\/\/www.yukokuramatsu.com\/en_us\/wp-json\/wp\/v2\/product\/1212","targetHints":{"allow":["GET"]}}],"collection":[{"href":"https:\/\/www.yukokuramatsu.com\/en_us\/wp-json\/wp\/v2\/product"}],"about":[{"href":"https:\/\/www.yukokuramatsu.com\/en_us\/wp-json\/wp\/v2\/types\/product"}],"wp:featuredmedia":[{"embeddable":true,"href":"https:\/\/www.yukokuramatsu.com\/en_us\/wp-json\/wp\/v2\/media\/1209"}],"wp:attachment":[{"href":"https:\/\/www.yukokuramatsu.com\/en_us\/wp-json\/wp\/v2\/media?parent=1212"}],"wp:term":[{"taxonomy":"product_brand","embeddable":true,"href":"https:\/\/www.yukokuramatsu.com\/en_us\/wp-json\/wp\/v2\/product_brand?post=1212"},{"taxonomy":"product_cat","embeddable":true,"href":"https:\/\/www.yukokuramatsu.com\/en_us\/wp-json\/wp\/v2\/product_cat?post=1212"},{"taxonomy":"product_tag","embeddable":true,"href":"https:\/\/www.yukokuramatsu.com\/en_us\/wp-json\/wp\/v2\/product_tag?post=1212"}],"curies":[{"name":"wp","href":"https:\/\/api.w.org\/{rel}","templated":true}]}}