{"id":1605,"date":"2021-12-20T11:57:32","date_gmt":"2021-12-20T10:57:32","guid":{"rendered":"https:\/\/www.yukokuramatsu.com\/produit\/asanoha-16\/"},"modified":"2025-10-17T17:29:35","modified_gmt":"2025-10-17T15:29:35","slug":"asanoha-16","status":"publish","type":"product","link":"https:\/\/www.yukokuramatsu.com\/en_us\/product\/asanoha-16\/","title":{"rendered":"Coupelle Rose, rose"},"content":{"rendered":"<p><strong>Nerikomi : ni peint ni imprim\u00e9<\/strong><\/p>\n<p>Pi\u00e8ce de porcelaine faite avec la technique \u201cnerikomi\u201d, autrement dit n\u00e9riage, terres-m\u00eal\u00e9es. Les couleurs sont dans la masse, ce n\u2019est ni peint ni imprim\u00e9.<br \/>\nLes motifs, le d\u00e9grad\u00e9 des couleurs et les lignes que vous voyez sur cette pi\u00e8ce sont le r\u00e9sultat d&rsquo;assemblage de petits morceaux de porcelaine teint\u00e9es pr\u00e9alablement par Yuko, elle-m\u00eame. Comme les couleurs traversent dans la mati\u00e8re, vous voyez la m\u00eame image dans le recto et le verso.<br \/>\nToutes ces pi\u00e8ces de nerikomi sont consid\u00e9r\u00e9es \u00ab\u00a0Arts\u00a0\u00bb de la table, mais ce sont aussi des pi\u00e8ces utilitaires ! \u00c9tonnant ?! ^_^ Elles ne sont pas plus salissantes que vos pi\u00e8ces de porcelaines ; vous pouvez les laver normalement, elles passent m\u00eame dans le lave-vaisselle.<br \/>\nVeuillez noter qu&rsquo;il s&rsquo;agit d&rsquo;une petite s\u00e9rie, il n&rsquo;y a pas deux pi\u00e8ces identiques, au niveau de la forme et des d\u00e9tails. (Il peut y avoir de l\u00e9g\u00e8res diff\u00e9rences entre deux pi\u00e8ces. Cela dit, quand il s&rsquo;agit d&rsquo;une diff\u00e9rence importante, ces pi\u00e8ces-l\u00e0 sont pr\u00e9sent\u00e9es sous le m\u00eame titre avec A, B, C&#8230; ^_^)<\/p>\n<p><span style=\"text-decoration: underline;\">Une carte d&rsquo;explication de la technique et une notice d\u2019entretien sont fournies.<\/span><\/p>","protected":false},"excerpt":{"rendered":"<div id=\"product-description-short-30\">\n<div id=\"product-description-short-75\">\n<p>Motif fleur de rose, de couleur rose.<\/p>\n<p>Gr\u00e2ce au assemblage de diff\u00e9rents tons de rose, on dirait qu&rsquo;il y a des reliefs ou du profondeur sur cette coupelle.<\/p>\n<p>Elle vous rendra votre table encore plus \u00e9l\u00e9gante !! ^_^<\/p>\n<p><span style=\"font-family: 'Liberation Serif', serif;\"><span style=\"font-size: medium;\"><span lang=\"en-us\" xml:lang=\"en-us\"><span style=\"font-family: Arial, sans-serif;\"><span style=\"text-decoration: none;\">Coupelle \u00e0 petite sauce, \u00e0 sauce de soja, \u00e0 graines, \u00e0 wasabi&#8230; \u00e0 macaron, \u00e0 chocolat&#8230;<br \/>\n<\/span><\/span><\/span><\/span><\/span><\/p>\n<p><span style=\"font-family: 'Liberation Serif', serif;\"><span style=\"font-size: medium;\"><span lang=\"en-us\" xml:lang=\"en-us\"><span style=\"font-family: Arial, sans-serif;\"><span style=\"text-decoration: none;\">Entretien facile. <\/span><\/span><\/span><\/span><\/span><\/p>\n<\/div>\n<\/div>","protected":false},"featured_media":1601,"template":"","meta":{"_eb_attr":"","_uag_custom_page_level_css":"","pgc_sgb_lightbox_settings":"","_EventAllDay":false,"_EventTimezone":"","_EventStartDate":"","_EventEndDate":"","_EventStartDateUTC":"","_EventEndDateUTC":"","_EventShowMap":false,"_EventShowMapLink":false,"_EventURL":"","_EventCost":"","_EventCostDescription":"","_EventCurrencySymbol":"","_EventCurrencyCode":"","_EventCurrencyPosition":"","_EventDateTimeSeparator":"","_EventTimeRangeSeparator":"","_EventOrganizerID":[],"_EventVenueID":[],"_OrganizerEmail":"","_OrganizerPhone":"","_OrganizerWebsite":"","_VenueAddress":"","_VenueCity":"","_VenueCountry":"","_VenueProvince":"","_VenueState":"","_VenueZip":"","_VenuePhone":"","_VenueURL":"","_VenueStateProvince":"","_VenueLat":"","_VenueLng":"","_VenueShowMap":false,"_VenueShowMapLink":false},"product_brand":[],"product_cat":[57,58,64],"product_tag":[242,246,245,243,241,244],"class_list":{"0":"post-1605","1":"product","2":"type-product","3":"status-publish","4":"has-post-thumbnail","6":"product_cat-accueil","7":"product_cat-arts-de-la-table","8":"product_cat-coupelle","9":"product_tag-assiette","10":"product_tag-blanc","11":"product_tag-blanc-sur-blanc","12":"product_tag-carre","13":"product_tag-nerikomi","14":"product_tag-porcelaine","15":"pa_couleur-3a-rose","16":"pa_dimensions-8f-120x120x28mm","17":"pa_matieres-8b-porcelaine","18":"pa_motif-3a-rose","20":"first","21":"outofstock","22":"shipping-taxable","23":"product-type-simple"},"uagb_featured_image_src":{"full":["https:\/\/www.yukokuramatsu.com\/wp-content\/uploads\/2021\/12\/1400-Coupelle-Rose-rose.jpg",1620,1620,false],"thumbnail":["https:\/\/www.yukokuramatsu.com\/wp-content\/uploads\/2021\/12\/1400-Coupelle-Rose-rose-150x150.jpg",150,150,true],"medium":["https:\/\/www.yukokuramatsu.com\/wp-content\/uploads\/2021\/12\/1400-Coupelle-Rose-rose-300x300.jpg",300,300,true],"medium_large":["https:\/\/www.yukokuramatsu.com\/wp-content\/uploads\/2021\/12\/1400-Coupelle-Rose-rose-768x768.jpg",768,768,true],"large":["https:\/\/www.yukokuramatsu.com\/wp-content\/uploads\/2021\/12\/1400-Coupelle-Rose-rose-1024x1024.jpg",1024,1024,true],"1536x1536":["https:\/\/www.yukokuramatsu.com\/wp-content\/uploads\/2021\/12\/1400-Coupelle-Rose-rose-1536x1536.jpg",1536,1536,true],"2048x2048":["https:\/\/www.yukokuramatsu.com\/wp-content\/uploads\/2021\/12\/1400-Coupelle-Rose-rose.jpg",1620,1620,false],"trp-custom-language-flag":["https:\/\/www.yukokuramatsu.com\/wp-content\/uploads\/2021\/12\/1400-Coupelle-Rose-rose-12x12.jpg",12,12,true],"mailpoet_newsletter_max":["https:\/\/www.yukokuramatsu.com\/wp-content\/uploads\/2021\/12\/1400-Coupelle-Rose-rose-1320x1320.jpg",1320,1320,true],"woocommerce_thumbnail":["https:\/\/www.yukokuramatsu.com\/wp-content\/uploads\/2021\/12\/1400-Coupelle-Rose-rose-450x450.jpg",450,450,true],"woocommerce_single":["https:\/\/www.yukokuramatsu.com\/wp-content\/uploads\/2021\/12\/1400-Coupelle-Rose-rose-600x600.jpg",600,600,true],"woocommerce_gallery_thumbnail":["https:\/\/www.yukokuramatsu.com\/wp-content\/uploads\/2021\/12\/1400-Coupelle-Rose-rose-100x100.jpg",100,100,true]},"uagb_author_info":{"display_name":"yukok","author_link":"https:\/\/www.yukokuramatsu.com\/en_us\/author\/"},"uagb_comment_info":0,"uagb_excerpt":"Motif fleur de rose, de couleur rose. Gr\u00e2ce au assemblage de diff\u00e9rents tons de rose, on dirait qu'il y a des reliefs ou du profondeur sur cette coupelle. Elle vous rendra votre table encore plus \u00e9l\u00e9gante !! ^_^ Coupelle \u00e0 petite sauce, \u00e0 sauce de soja, \u00e0 graines, \u00e0 wasabi... \u00e0 macaron, \u00e0 chocolat... Entretien&hellip;","jetpack_sharing_enabled":true,"_links":{"self":[{"href":"https:\/\/www.yukokuramatsu.com\/en_us\/wp-json\/wp\/v2\/product\/1605","targetHints":{"allow":["GET"]}}],"collection":[{"href":"https:\/\/www.yukokuramatsu.com\/en_us\/wp-json\/wp\/v2\/product"}],"about":[{"href":"https:\/\/www.yukokuramatsu.com\/en_us\/wp-json\/wp\/v2\/types\/product"}],"wp:featuredmedia":[{"embeddable":true,"href":"https:\/\/www.yukokuramatsu.com\/en_us\/wp-json\/wp\/v2\/media\/1601"}],"wp:attachment":[{"href":"https:\/\/www.yukokuramatsu.com\/en_us\/wp-json\/wp\/v2\/media?parent=1605"}],"wp:term":[{"taxonomy":"product_brand","embeddable":true,"href":"https:\/\/www.yukokuramatsu.com\/en_us\/wp-json\/wp\/v2\/product_brand?post=1605"},{"taxonomy":"product_cat","embeddable":true,"href":"https:\/\/www.yukokuramatsu.com\/en_us\/wp-json\/wp\/v2\/product_cat?post=1605"},{"taxonomy":"product_tag","embeddable":true,"href":"https:\/\/www.yukokuramatsu.com\/en_us\/wp-json\/wp\/v2\/product_tag?post=1605"}],"curies":[{"name":"wp","href":"https:\/\/api.w.org\/{rel}","templated":true}]}}