{"id":1898,"date":"2023-10-14T22:25:18","date_gmt":"2023-10-14T20:25:18","guid":{"rendered":"https:\/\/www.yukokuramatsu.com\/?post_type=product&#038;p=1898"},"modified":"2025-09-10T15:24:24","modified_gmt":"2025-09-10T13:24:24","slug":"boucles-doreilles-puces-rondes-carreaux-rouge","status":"publish","type":"product","link":"https:\/\/www.yukokuramatsu.com\/en_us\/product\/boucles-doreilles-puces-rondes-carreaux-rouge\/","title":{"rendered":"Boucles d&rsquo;oreilles, Puces, Ronds, Carreaux, rouge"},"content":{"rendered":"<p><strong>Nerikomi : ni peint ni imprim\u00e9<\/strong><\/p>\n<p>Boucles d&rsquo;oreilles en porcelaine, \u00e9pur\u00e9es et chic, faites avec la technique \u201cnerikomi\u201d, autrement dit n\u00e9riage, terres-m\u00eal\u00e9es. Les couleurs sont dans la masse, ce n\u2019est ni peint ni imprim\u00e9. Les d\u00e9grad\u00e9 de couleurs ou les lignes, tout ce que vous voyez sur cette pi\u00e8ce sont le r\u00e9sultat d&rsquo;assemblage de petits morceaux de porcelaine teint\u00e9es pr\u00e9alablement par Yuko, elle-m\u00eame.<br \/>\nVeuillez noter qu&rsquo;il s&rsquo;agit d&rsquo;une petite s\u00e9rie, il n&rsquo;y a pas deux pi\u00e8ces parfaitement identiques, au niveau de la forme et les d\u00e9tails.<\/p>\n<p>Cette petite pastille est toute l\u00e9g\u00e8re, \u00e0 la fois discr\u00e8te mais pr\u00e9sente, le c\u00f4t\u00e9 noble de la porcelaine vous ravira !!<\/p>\n<p>Le tige non allerg\u00e8ne. Plaqu\u00e9 Or.<\/p>\n<p><span style=\"text-decoration: underline;\">La carte d&rsquo;explicatif de la technique et la notice d\u2019entretien fournie avec.<\/span><\/p>\n<p>Le poids dans l&rsquo;explication est celui de paquet colis.<\/p>","protected":false},"excerpt":{"rendered":"<div id=\"product-description-short-45\">\n<p>Boucles d&rsquo;oreilles en puce, faites en porcelaine et or, avec la technique Nerikomi.<\/p>\n<p>L\u00e9ger, discret mais aussi \u00e9l\u00e9gant.<\/p>\n<p>Le tige non allerg\u00e8ne. Plaqu\u00e9 Or.<\/p>\n<p>(Pour la taille, sur la photo avec une pi\u00e8ce de monnaie, le mod\u00e8le de boucles d\u2019oreilles n&rsquo;est pas identique au produit propos\u00e9)<\/p>\n<\/div>","protected":false},"featured_media":1899,"template":"","meta":{"_eb_attr":"","_uag_custom_page_level_css":"","pgc_sgb_lightbox_settings":"","_EventAllDay":false,"_EventTimezone":"","_EventStartDate":"","_EventEndDate":"","_EventStartDateUTC":"","_EventEndDateUTC":"","_EventShowMap":false,"_EventShowMapLink":false,"_EventURL":"","_EventCost":"","_EventCostDescription":"","_EventCurrencySymbol":"","_EventCurrencyCode":"","_EventCurrencyPosition":"","_EventDateTimeSeparator":"","_EventTimeRangeSeparator":"","_EventOrganizerID":[],"_EventVenueID":[],"_OrganizerEmail":"","_OrganizerPhone":"","_OrganizerWebsite":"","_VenueAddress":"","_VenueCity":"","_VenueCountry":"","_VenueProvince":"","_VenueState":"","_VenueZip":"","_VenuePhone":"","_VenueURL":"","_VenueStateProvince":"","_VenueLat":"","_VenueLng":"","_VenueShowMap":false,"_VenueShowMapLink":false},"product_brand":[],"product_cat":[65,59],"product_tag":[],"class_list":{"0":"post-1898","1":"product","2":"type-product","3":"status-publish","4":"has-post-thumbnail","6":"product_cat-boucles-d-oreilles","7":"product_cat-deco-et-accessoires","8":"pa_accroche-cb-puce","9":"pa_couleur-a2-rouge","10":"pa_dimensions-b4-15x15x2mm10mmpuce","11":"pa_matieres-88-or","12":"pa_matieres-8b-porcelaine","13":"pa_motif-63-carreaux","15":"first","16":"instock","17":"shipping-taxable","18":"product-type-simple"},"uagb_featured_image_src":{"full":["https:\/\/www.yukokuramatsu.com\/wp-content\/uploads\/2023\/10\/20231013_1442200-rotated.jpg",2160,2160,false],"thumbnail":["https:\/\/www.yukokuramatsu.com\/wp-content\/uploads\/2023\/10\/20231013_1442200-150x150.jpg",150,150,true],"medium":["https:\/\/www.yukokuramatsu.com\/wp-content\/uploads\/2023\/10\/20231013_1442200-300x300.jpg",300,300,true],"medium_large":["https:\/\/www.yukokuramatsu.com\/wp-content\/uploads\/2023\/10\/20231013_1442200-768x768.jpg",768,768,true],"large":["https:\/\/www.yukokuramatsu.com\/wp-content\/uploads\/2023\/10\/20231013_1442200-1024x1024.jpg",1024,1024,true],"1536x1536":["https:\/\/www.yukokuramatsu.com\/wp-content\/uploads\/2023\/10\/20231013_1442200-1536x1536.jpg",1536,1536,true],"2048x2048":["https:\/\/www.yukokuramatsu.com\/wp-content\/uploads\/2023\/10\/20231013_1442200-2048x2048.jpg",2048,2048,true],"trp-custom-language-flag":["https:\/\/www.yukokuramatsu.com\/wp-content\/uploads\/2023\/10\/20231013_1442200-12x12.jpg",12,12,true],"mailpoet_newsletter_max":["https:\/\/www.yukokuramatsu.com\/wp-content\/uploads\/2023\/10\/20231013_1442200-1320x1320.jpg",1320,1320,true],"woocommerce_thumbnail":["https:\/\/www.yukokuramatsu.com\/wp-content\/uploads\/2023\/10\/20231013_1442200-rotated-450x450.jpg",450,450,true],"woocommerce_single":["https:\/\/www.yukokuramatsu.com\/wp-content\/uploads\/2023\/10\/20231013_1442200-rotated-600x600.jpg",600,600,true],"woocommerce_gallery_thumbnail":["https:\/\/www.yukokuramatsu.com\/wp-content\/uploads\/2023\/10\/20231013_1442200-rotated-100x100.jpg",100,100,true]},"uagb_author_info":{"display_name":"yukok","author_link":"https:\/\/www.yukokuramatsu.com\/en_us\/author\/"},"uagb_comment_info":0,"uagb_excerpt":"Boucles d'oreilles en puce, faites en porcelaine et or, avec la technique Nerikomi. L\u00e9ger, discret mais aussi \u00e9l\u00e9gant. Le tige non allerg\u00e8ne. Plaqu\u00e9 Or. (Pour la taille, sur la photo avec une pi\u00e8ce de monnaie, le mod\u00e8le de boucles d\u2019oreilles n'est pas identique au produit propos\u00e9)","jetpack_sharing_enabled":true,"_links":{"self":[{"href":"https:\/\/www.yukokuramatsu.com\/en_us\/wp-json\/wp\/v2\/product\/1898","targetHints":{"allow":["GET"]}}],"collection":[{"href":"https:\/\/www.yukokuramatsu.com\/en_us\/wp-json\/wp\/v2\/product"}],"about":[{"href":"https:\/\/www.yukokuramatsu.com\/en_us\/wp-json\/wp\/v2\/types\/product"}],"wp:featuredmedia":[{"embeddable":true,"href":"https:\/\/www.yukokuramatsu.com\/en_us\/wp-json\/wp\/v2\/media\/1899"}],"wp:attachment":[{"href":"https:\/\/www.yukokuramatsu.com\/en_us\/wp-json\/wp\/v2\/media?parent=1898"}],"wp:term":[{"taxonomy":"product_brand","embeddable":true,"href":"https:\/\/www.yukokuramatsu.com\/en_us\/wp-json\/wp\/v2\/product_brand?post=1898"},{"taxonomy":"product_cat","embeddable":true,"href":"https:\/\/www.yukokuramatsu.com\/en_us\/wp-json\/wp\/v2\/product_cat?post=1898"},{"taxonomy":"product_tag","embeddable":true,"href":"https:\/\/www.yukokuramatsu.com\/en_us\/wp-json\/wp\/v2\/product_tag?post=1898"}],"curies":[{"name":"wp","href":"https:\/\/api.w.org\/{rel}","templated":true}]}}