{"id":2204,"date":"2023-10-22T01:27:29","date_gmt":"2023-10-21T23:27:29","guid":{"rendered":"https:\/\/www.yukokuramatsu.com\/?post_type=product&#038;p=2204"},"modified":"2024-07-12T19:53:27","modified_gmt":"2024-07-12T17:53:27","slug":"bague-ronde-fillet-noir","status":"publish","type":"product","link":"https:\/\/www.yukokuramatsu.com\/en_us\/product\/bague-ronde-fillet-noir\/","title":{"rendered":"Bague ronde, Fillet, noir"},"content":{"rendered":"<p><strong>Nerikomi : ni peint ni imprim\u00e9<\/strong><\/p>\n<p>Bague en porcelaine, \u00e9pur\u00e9 et chic, faite avec la technique \u201cnerikomi\u201d, autrement dit n\u00e9riage, terres-m\u00eal\u00e9es. Les couleurs sont dans la masse, ce n\u2019est ni peint ni imprim\u00e9. Les d\u00e9grad\u00e9 de couleurs ou les lignes, tout ce que vous voyez sur cette pi\u00e8ce sont le r\u00e9sultat d&rsquo;assemblage de petits morceaux de porcelaine teint\u00e9es pr\u00e9alablement par Yuko, elle-m\u00eame.<br \/>\nVeuillez noter qu&rsquo;il s&rsquo;agit d&rsquo;une petite s\u00e9rie, il n&rsquo;y a pas deux pi\u00e8ces parfaitement identiques, au niveau de la forme et les d\u00e9tails.<\/p>\n<p>Cette petite pastille est toute l\u00e9g\u00e8re, \u00e0 la fois discr\u00e8te mais pr\u00e9sente, elle rend vos mains et votre journ\u00e9e joyeuses !!<\/p>\n<p><span style=\"text-decoration: underline;\">Sans nickel, sans plomb et sans cadmium.<\/span><\/p>\n<p><span style=\"text-decoration: underline;\">La carte d&rsquo;explicatif de la technique et la notice d\u2019entretien fournie avec.<\/span><\/p>","protected":false},"excerpt":{"rendered":"<div id=\"product-description-short-45\">\n<p>Bague en porcelaine, avec la technique Nerikomi. Joyeuse, originale et \u00e9l\u00e9gante ^_^<\/p>\n<p>Taille ajustable \u00e0 tous les doigts.<\/p>\n<p>Non allerg\u00e8ne : Sans nickel, sans plomb et sans cadmium<\/p>\n<p>(Pour la taille, sur la photo avec une pi\u00e8ce de monnaie, le mod\u00e8le de boucles d\u2019oreilles n\u2019est pas identique au produit propos\u00e9)<\/p>\n<\/div>","protected":false},"featured_media":2221,"template":"","meta":{"_eb_attr":"","_uag_custom_page_level_css":"","pgc_sgb_lightbox_settings":"","_EventAllDay":false,"_EventTimezone":"","_EventStartDate":"","_EventEndDate":"","_EventStartDateUTC":"","_EventEndDateUTC":"","_EventShowMap":false,"_EventShowMapLink":false,"_EventURL":"","_EventCost":"","_EventCostDescription":"","_EventCurrencySymbol":"","_EventCurrencyCode":"","_EventCurrencyPosition":"","_EventDateTimeSeparator":"","_EventTimeRangeSeparator":"","_EventOrganizerID":[],"_EventVenueID":[],"_OrganizerEmail":"","_OrganizerPhone":"","_OrganizerWebsite":"","_VenueAddress":"","_VenueCity":"","_VenueCountry":"","_VenueProvince":"","_VenueState":"","_VenueZip":"","_VenuePhone":"","_VenueURL":"","_VenueStateProvince":"","_VenueLat":"","_VenueLng":"","_VenueShowMap":false,"_VenueShowMapLink":false},"product_brand":[],"product_cat":[67,59],"product_tag":[],"class_list":{"0":"post-2204","1":"product","2":"type-product","3":"status-publish","4":"has-post-thumbnail","6":"product_cat-bagues","7":"product_cat-deco-et-accessoires","8":"pa_couleur-13-noir","9":"pa_dimensions-8c-25x25x3mm25mmavecanneau","10":"pa_matieres-37-laiton","11":"pa_matieres-8b-porcelaine","12":"pa_motif-filet","14":"first","15":"instock","16":"shipping-taxable","17":"product-type-simple"},"uagb_featured_image_src":{"full":["https:\/\/www.yukokuramatsu.com\/wp-content\/uploads\/2023\/10\/20231022_084430-rotated.jpg",2160,2160,false],"thumbnail":["https:\/\/www.yukokuramatsu.com\/wp-content\/uploads\/2023\/10\/20231022_084430-150x150.jpg",150,150,true],"medium":["https:\/\/www.yukokuramatsu.com\/wp-content\/uploads\/2023\/10\/20231022_084430-300x300.jpg",300,300,true],"medium_large":["https:\/\/www.yukokuramatsu.com\/wp-content\/uploads\/2023\/10\/20231022_084430-768x768.jpg",768,768,true],"large":["https:\/\/www.yukokuramatsu.com\/wp-content\/uploads\/2023\/10\/20231022_084430-1024x1024.jpg",1024,1024,true],"1536x1536":["https:\/\/www.yukokuramatsu.com\/wp-content\/uploads\/2023\/10\/20231022_084430-1536x1536.jpg",1536,1536,true],"2048x2048":["https:\/\/www.yukokuramatsu.com\/wp-content\/uploads\/2023\/10\/20231022_084430-2048x2048.jpg",2048,2048,true],"trp-custom-language-flag":["https:\/\/www.yukokuramatsu.com\/wp-content\/uploads\/2023\/10\/20231022_084430-12x12.jpg",12,12,true],"mailpoet_newsletter_max":["https:\/\/www.yukokuramatsu.com\/wp-content\/uploads\/2023\/10\/20231022_084430-1320x1320.jpg",1320,1320,true],"woocommerce_thumbnail":["https:\/\/www.yukokuramatsu.com\/wp-content\/uploads\/2023\/10\/20231022_084430-450x450.jpg",450,450,true],"woocommerce_single":["https:\/\/www.yukokuramatsu.com\/wp-content\/uploads\/2023\/10\/20231022_084430-600x600.jpg",600,600,true],"woocommerce_gallery_thumbnail":["https:\/\/www.yukokuramatsu.com\/wp-content\/uploads\/2023\/10\/20231022_084430-100x100.jpg",100,100,true]},"uagb_author_info":{"display_name":"yukok","author_link":"https:\/\/www.yukokuramatsu.com\/en_us\/author\/"},"uagb_comment_info":0,"uagb_excerpt":"Bague en porcelaine, avec la technique Nerikomi. Joyeuse, originale et \u00e9l\u00e9gante ^_^ Taille ajustable \u00e0 tous les doigts. Non allerg\u00e8ne : Sans nickel, sans plomb et sans cadmium (Pour la taille, sur la photo avec une pi\u00e8ce de monnaie, le mod\u00e8le de boucles d\u2019oreilles n\u2019est pas identique au produit propos\u00e9)","jetpack_sharing_enabled":true,"_links":{"self":[{"href":"https:\/\/www.yukokuramatsu.com\/en_us\/wp-json\/wp\/v2\/product\/2204","targetHints":{"allow":["GET"]}}],"collection":[{"href":"https:\/\/www.yukokuramatsu.com\/en_us\/wp-json\/wp\/v2\/product"}],"about":[{"href":"https:\/\/www.yukokuramatsu.com\/en_us\/wp-json\/wp\/v2\/types\/product"}],"wp:featuredmedia":[{"embeddable":true,"href":"https:\/\/www.yukokuramatsu.com\/en_us\/wp-json\/wp\/v2\/media\/2221"}],"wp:attachment":[{"href":"https:\/\/www.yukokuramatsu.com\/en_us\/wp-json\/wp\/v2\/media?parent=2204"}],"wp:term":[{"taxonomy":"product_brand","embeddable":true,"href":"https:\/\/www.yukokuramatsu.com\/en_us\/wp-json\/wp\/v2\/product_brand?post=2204"},{"taxonomy":"product_cat","embeddable":true,"href":"https:\/\/www.yukokuramatsu.com\/en_us\/wp-json\/wp\/v2\/product_cat?post=2204"},{"taxonomy":"product_tag","embeddable":true,"href":"https:\/\/www.yukokuramatsu.com\/en_us\/wp-json\/wp\/v2\/product_tag?post=2204"}],"curies":[{"name":"wp","href":"https:\/\/api.w.org\/{rel}","templated":true}]}}