{"id":2295,"date":"2023-10-22T21:28:40","date_gmt":"2023-10-22T19:28:40","guid":{"rendered":"https:\/\/www.yukokuramatsu.com\/?post_type=product&#038;p=2295"},"modified":"2025-09-10T15:32:49","modified_gmt":"2025-09-10T13:32:49","slug":"boucles-doreilles-crochet-dormeuse-or-rond-et-carre-filet-noir","status":"publish","type":"product","link":"https:\/\/www.yukokuramatsu.com\/en_us\/product\/boucles-doreilles-crochet-dormeuse-or-rond-et-carre-filet-noir\/","title":{"rendered":"Boucles d&rsquo;oreilles, Crochet dormeuse Or, Rond et Carr\u00e9, Filet, noir"},"content":{"rendered":"<p><strong>Nerikomi : ni peint ni imprim\u00e9<\/strong><\/p>\n<p>Boucles d&rsquo;oreilles en porcelaine, \u00e9pur\u00e9es et chic, faites avec la technique \u201cnerikomi\u201d, autrement dit n\u00e9riage, terres-m\u00eal\u00e9es. Les couleurs sont dans la masse, ce n\u2019est ni peint ni imprim\u00e9. Les d\u00e9grad\u00e9 de couleurs ou les lignes, tout ce que vous voyez sur cette pi\u00e8ce sont le r\u00e9sultat d&rsquo;assemblage de petits morceaux de porcelaine teint\u00e9es pr\u00e9alablement par Yuko, elle-m\u00eame.<br \/>\nVeuillez noter qu&rsquo;il s&rsquo;agit d&rsquo;une petite s\u00e9rie, il n&rsquo;y a pas deux pi\u00e8ces parfaitement identiques, au niveau de la forme et les d\u00e9tails.<\/p>\n<p>Cette pastille est toute l\u00e9g\u00e8re, \u00e0 la fois discr\u00e8te mais pr\u00e9sente, le c\u00f4t\u00e9 noble de la porcelaine vous ravira !!<\/p>\n<p><span style=\"text-decoration: underline;\">Sans nickel, sans plomb et sans cadmium.<\/span><\/p>\n<p><span style=\"text-decoration: underline;\">La carte d&rsquo;explicatif de la technique et la notice d\u2019entretien fournie avec.<\/span><\/p>","protected":false},"excerpt":{"rendered":"<div id=\"product-description-short-45\">\n<p>Boucles d&rsquo;oreilles en crochet, faites en porcelaine, avec la technique Nerikomi.<\/p>\n<p>L\u00e9ger, discret mais aussi \u00e9l\u00e9gant.<span style=\"text-decoration: underline;\"><br \/>\n<\/span><\/p>\n<p>Non allerg\u00e8ne : Sans nickel, sans plomb et sans cadmium<\/p>\n<p>(Pour la taille, sur la photo avec une pi\u00e8ce de monnaie, le mod\u00e8le de boucles d\u2019oreilles n&rsquo;est pas identique au produit propos\u00e9)<\/p>\n<\/div>","protected":false},"featured_media":2245,"template":"","meta":{"_eb_attr":"","_uag_custom_page_level_css":"","pgc_sgb_lightbox_settings":"","_EventAllDay":false,"_EventTimezone":"","_EventStartDate":"","_EventEndDate":"","_EventStartDateUTC":"","_EventEndDateUTC":"","_EventShowMap":false,"_EventShowMapLink":false,"_EventURL":"","_EventCost":"","_EventCostDescription":"","_EventCurrencySymbol":"","_EventCurrencyCode":"","_EventCurrencyPosition":"","_EventDateTimeSeparator":"","_EventTimeRangeSeparator":"","_EventOrganizerID":[],"_EventVenueID":[],"_OrganizerEmail":"","_OrganizerPhone":"","_OrganizerWebsite":"","_VenueAddress":"","_VenueCity":"","_VenueCountry":"","_VenueProvince":"","_VenueState":"","_VenueZip":"","_VenuePhone":"","_VenueURL":"","_VenueStateProvince":"","_VenueLat":"","_VenueLng":"","_VenueShowMap":false,"_VenueShowMapLink":false},"product_brand":[],"product_cat":[57,65,59],"product_tag":[],"class_list":{"0":"post-2295","1":"product","2":"type-product","3":"status-publish","4":"has-post-thumbnail","6":"product_cat-accueil","7":"product_cat-boucles-d-oreilles","8":"product_cat-deco-et-accessoires","9":"pa_accroche-crochet-dormeuse","10":"pa_couleur-13-noir","11":"pa_dimensions-25x25x2mm-45mm-avec-crochet","12":"pa_matieres-88-or","13":"pa_matieres-8b-porcelaine","14":"pa_motif-filet","16":"first","17":"outofstock","18":"shipping-taxable","19":"product-type-simple"},"uagb_featured_image_src":{"full":["https:\/\/www.yukokuramatsu.com\/wp-content\/uploads\/2023\/10\/20231022_085026-e1698002969152.jpg",2160,2160,false],"thumbnail":["https:\/\/www.yukokuramatsu.com\/wp-content\/uploads\/2023\/10\/20231022_085026-e1698002969152-150x150.jpg",150,150,true],"medium":["https:\/\/www.yukokuramatsu.com\/wp-content\/uploads\/2023\/10\/20231022_085026-e1698002969152-300x300.jpg",300,300,true],"medium_large":["https:\/\/www.yukokuramatsu.com\/wp-content\/uploads\/2023\/10\/20231022_085026-e1698002969152-768x768.jpg",768,768,true],"large":["https:\/\/www.yukokuramatsu.com\/wp-content\/uploads\/2023\/10\/20231022_085026-e1698002969152-1024x1024.jpg",1024,1024,true],"1536x1536":["https:\/\/www.yukokuramatsu.com\/wp-content\/uploads\/2023\/10\/20231022_085026-e1698002969152-1536x1536.jpg",1536,1536,true],"2048x2048":["https:\/\/www.yukokuramatsu.com\/wp-content\/uploads\/2023\/10\/20231022_085026-e1698002969152-2048x2048.jpg",2048,2048,true],"trp-custom-language-flag":["https:\/\/www.yukokuramatsu.com\/wp-content\/uploads\/2023\/10\/20231022_085026-e1698002969152-12x12.jpg",12,12,true],"mailpoet_newsletter_max":["https:\/\/www.yukokuramatsu.com\/wp-content\/uploads\/2023\/10\/20231022_085026-e1698002969152-1320x1320.jpg",1320,1320,true],"woocommerce_thumbnail":["https:\/\/www.yukokuramatsu.com\/wp-content\/uploads\/2023\/10\/20231022_085026-e1698002969152-450x450.jpg",450,450,true],"woocommerce_single":["https:\/\/www.yukokuramatsu.com\/wp-content\/uploads\/2023\/10\/20231022_085026-e1698002969152-600x600.jpg",600,600,true],"woocommerce_gallery_thumbnail":["https:\/\/www.yukokuramatsu.com\/wp-content\/uploads\/2023\/10\/20231022_085026-e1698002969152-100x100.jpg",100,100,true]},"uagb_author_info":{"display_name":"yukok","author_link":"https:\/\/www.yukokuramatsu.com\/en_us\/author\/"},"uagb_comment_info":0,"uagb_excerpt":"Boucles d'oreilles en crochet, faites en porcelaine, avec la technique Nerikomi. L\u00e9ger, discret mais aussi \u00e9l\u00e9gant. Non allerg\u00e8ne : Sans nickel, sans plomb et sans cadmium (Pour la taille, sur la photo avec une pi\u00e8ce de monnaie, le mod\u00e8le de boucles d\u2019oreilles n'est pas identique au produit propos\u00e9)","jetpack_sharing_enabled":true,"_links":{"self":[{"href":"https:\/\/www.yukokuramatsu.com\/en_us\/wp-json\/wp\/v2\/product\/2295","targetHints":{"allow":["GET"]}}],"collection":[{"href":"https:\/\/www.yukokuramatsu.com\/en_us\/wp-json\/wp\/v2\/product"}],"about":[{"href":"https:\/\/www.yukokuramatsu.com\/en_us\/wp-json\/wp\/v2\/types\/product"}],"wp:featuredmedia":[{"embeddable":true,"href":"https:\/\/www.yukokuramatsu.com\/en_us\/wp-json\/wp\/v2\/media\/2245"}],"wp:attachment":[{"href":"https:\/\/www.yukokuramatsu.com\/en_us\/wp-json\/wp\/v2\/media?parent=2295"}],"wp:term":[{"taxonomy":"product_brand","embeddable":true,"href":"https:\/\/www.yukokuramatsu.com\/en_us\/wp-json\/wp\/v2\/product_brand?post=2295"},{"taxonomy":"product_cat","embeddable":true,"href":"https:\/\/www.yukokuramatsu.com\/en_us\/wp-json\/wp\/v2\/product_cat?post=2295"},{"taxonomy":"product_tag","embeddable":true,"href":"https:\/\/www.yukokuramatsu.com\/en_us\/wp-json\/wp\/v2\/product_tag?post=2295"}],"curies":[{"name":"wp","href":"https:\/\/api.w.org\/{rel}","templated":true}]}}