{"id":724,"date":"2020-06-29T20:57:32","date_gmt":"2020-06-29T18:57:32","guid":{"rendered":"https:\/\/www.yukokuramatsu.com\/produit\/broche-gateau-japonais\/"},"modified":"2025-10-17T17:29:35","modified_gmt":"2025-10-17T15:29:35","slug":"broche-gateau-japonais","status":"publish","type":"product","link":"https:\/\/www.yukokuramatsu.com\/en_us\/product\/broche-gateau-japonais\/","title":{"rendered":"Broche g\u00e2teau japonais (Ichigo daifuku)"},"content":{"rendered":"<p><span style=\"font-family: 'Liberation Serif', serif;\"><span style=\"font-size: medium;\"><span lang=\"en-us\" xml:lang=\"en-us\"><strong><span style=\"font-family: Arial, sans-serif;\"><span style=\"font-size: large;\"><span lang=\"en-us\" xml:lang=\"en-us\">Nerikomi : ni peint ni imprim\u00e9<\/span><\/span><\/span><\/strong><\/span><\/span><\/span><\/p>\n<p style=\"margin-bottom: 0cm; line-height: 100%;\"><span style=\"font-family: Arial, sans-serif;\"><span style=\"font-size: medium;\"><span lang=\"en-us\" xml:lang=\"en-us\">Broche en porcelaine en motif de g\u00e2teau japonais \u00e0 la fraise (ichigo daifuku), faite avec la technique \u201cnerikomi\u201d, autrement dit n\u00e9riage, terres-m\u00eal\u00e9es. Les couleurs sont dans la masse, ce n\u2019est ni peint ni imprim\u00e9. Diff\u00e9rentes couleurs sur cette pi\u00e8ce sont compos\u00e9es de petits morceaux de porcelaines teint\u00e9es. C&rsquo;est le travail de modelage tr\u00e8s d\u00e9licat.<br \/>\nVeuillez noter qu&rsquo;il s&rsquo;agit d&rsquo;une petite s\u00e9rie, il n&rsquo;y a pas deux pi\u00e8ces identiques, au niveau de la forme ou de petits d\u00e9tails de couleurs etc. <\/span><\/span><\/span><\/p>\n<p style=\"margin-bottom: 0cm; line-height: 100%;\"><span style=\"font-family: Arial, sans-serif;\"><span style=\"font-size: medium;\"><span lang=\"en-us\" xml:lang=\"en-us\">Elle peut vous accompagner partout ; sur votre pull, votre manteau, votre bonnet, votre sac !! ^_^<\/span><\/span><\/span><\/p>\n<p><span style=\"text-decoration: underline;\">La carte d&rsquo;explicatif de la technique et la notice d\u2019entretien fournie avec.<\/span><\/p>","protected":false},"excerpt":{"rendered":"<p>Broche en porcelaine de g\u00e2teau japonais \u00ab\u00a0ichigo daifuku\u00a0\u00bb.<\/p>\n<p>La tranche de fraise et tout le reste sont r\u00e9alis\u00e9 avec la technique Nerikomi : le modelage de petits morceaux de porcelaines color\u00e9es diff\u00e9remment. C&rsquo;est rigolot, mais c&rsquo;est un vrai travail, il y a aussi ce r\u00e9alisme de tranche de fraise !! ^-^ Vous allez aimer porter cette broche !! ^-^<\/p>\n<p>Nouvelle \u00e9pingle, nouvelle colle !! ^_^<\/p>","protected":false},"featured_media":721,"template":"","meta":{"_eb_attr":"","_uag_custom_page_level_css":"","pgc_sgb_lightbox_settings":"","_EventAllDay":false,"_EventTimezone":"","_EventStartDate":"","_EventEndDate":"","_EventStartDateUTC":"","_EventEndDateUTC":"","_EventShowMap":false,"_EventShowMapLink":false,"_EventURL":"","_EventCost":"","_EventCostDescription":"","_EventCurrencySymbol":"","_EventCurrencyCode":"","_EventCurrencyPosition":"","_EventDateTimeSeparator":"","_EventTimeRangeSeparator":"","_EventOrganizerID":[],"_EventVenueID":[],"_OrganizerEmail":"","_OrganizerPhone":"","_OrganizerWebsite":"","_VenueAddress":"","_VenueCity":"","_VenueCountry":"","_VenueProvince":"","_VenueState":"","_VenueZip":"","_VenuePhone":"","_VenueURL":"","_VenueStateProvince":"","_VenueLat":"","_VenueLng":"","_VenueShowMap":false,"_VenueShowMapLink":false},"product_brand":[],"product_cat":[57,62,59],"product_tag":[],"class_list":{"0":"post-724","1":"product","2":"type-product","3":"status-publish","4":"has-post-thumbnail","6":"product_cat-accueil","7":"product_cat-broches-et-pin-s","8":"product_cat-deco-et-accessoires","9":"pa_couleur-3a-rose","10":"pa_dimensions-14-35x45x3mm10mmavecepingle","11":"pa_matieres-8b-porcelaine","12":"pa_motif-7f-gateaujaponais_ichigodaifu","14":"first","15":"outofstock","16":"shipping-taxable","17":"product-type-simple"},"uagb_featured_image_src":{"full":["https:\/\/www.yukokuramatsu.com\/wp-content\/uploads\/2020\/06\/158-Broche-gateau-japonais-Ichigo-daifuku.jpg",2451,2449,false],"thumbnail":["https:\/\/www.yukokuramatsu.com\/wp-content\/uploads\/2020\/06\/158-Broche-gateau-japonais-Ichigo-daifuku-150x150.jpg",150,150,true],"medium":["https:\/\/www.yukokuramatsu.com\/wp-content\/uploads\/2020\/06\/158-Broche-gateau-japonais-Ichigo-daifuku-300x300.jpg",300,300,true],"medium_large":["https:\/\/www.yukokuramatsu.com\/wp-content\/uploads\/2020\/06\/158-Broche-gateau-japonais-Ichigo-daifuku-768x767.jpg",768,767,true],"large":["https:\/\/www.yukokuramatsu.com\/wp-content\/uploads\/2020\/06\/158-Broche-gateau-japonais-Ichigo-daifuku-1024x1024.jpg",1024,1024,true],"1536x1536":["https:\/\/www.yukokuramatsu.com\/wp-content\/uploads\/2020\/06\/158-Broche-gateau-japonais-Ichigo-daifuku-1536x1536.jpg",1536,1536,true],"2048x2048":["https:\/\/www.yukokuramatsu.com\/wp-content\/uploads\/2020\/06\/158-Broche-gateau-japonais-Ichigo-daifuku-2048x2046.jpg",2048,2046,true],"trp-custom-language-flag":["https:\/\/www.yukokuramatsu.com\/wp-content\/uploads\/2020\/06\/158-Broche-gateau-japonais-Ichigo-daifuku-12x12.jpg",12,12,true],"mailpoet_newsletter_max":["https:\/\/www.yukokuramatsu.com\/wp-content\/uploads\/2020\/06\/158-Broche-gateau-japonais-Ichigo-daifuku-1320x1319.jpg",1320,1319,true],"woocommerce_thumbnail":["https:\/\/www.yukokuramatsu.com\/wp-content\/uploads\/2020\/06\/158-Broche-gateau-japonais-Ichigo-daifuku-450x450.jpg",450,450,true],"woocommerce_single":["https:\/\/www.yukokuramatsu.com\/wp-content\/uploads\/2020\/06\/158-Broche-gateau-japonais-Ichigo-daifuku-600x600.jpg",600,600,true],"woocommerce_gallery_thumbnail":["https:\/\/www.yukokuramatsu.com\/wp-content\/uploads\/2020\/06\/158-Broche-gateau-japonais-Ichigo-daifuku-100x100.jpg",100,100,true]},"uagb_author_info":{"display_name":"yukok","author_link":"https:\/\/www.yukokuramatsu.com\/en_us\/author\/"},"uagb_comment_info":0,"uagb_excerpt":"Broche en porcelaine de g\u00e2teau japonais \"ichigo daifuku\". La tranche de fraise et tout le reste sont r\u00e9alis\u00e9 avec la technique Nerikomi : le modelage de petits morceaux de porcelaines color\u00e9es diff\u00e9remment. C'est rigolot, mais c'est un vrai travail, il y a aussi ce r\u00e9alisme de tranche de fraise !! ^-^ Vous allez aimer porter&hellip;","jetpack_sharing_enabled":true,"_links":{"self":[{"href":"https:\/\/www.yukokuramatsu.com\/en_us\/wp-json\/wp\/v2\/product\/724","targetHints":{"allow":["GET"]}}],"collection":[{"href":"https:\/\/www.yukokuramatsu.com\/en_us\/wp-json\/wp\/v2\/product"}],"about":[{"href":"https:\/\/www.yukokuramatsu.com\/en_us\/wp-json\/wp\/v2\/types\/product"}],"wp:featuredmedia":[{"embeddable":true,"href":"https:\/\/www.yukokuramatsu.com\/en_us\/wp-json\/wp\/v2\/media\/721"}],"wp:attachment":[{"href":"https:\/\/www.yukokuramatsu.com\/en_us\/wp-json\/wp\/v2\/media?parent=724"}],"wp:term":[{"taxonomy":"product_brand","embeddable":true,"href":"https:\/\/www.yukokuramatsu.com\/en_us\/wp-json\/wp\/v2\/product_brand?post=724"},{"taxonomy":"product_cat","embeddable":true,"href":"https:\/\/www.yukokuramatsu.com\/en_us\/wp-json\/wp\/v2\/product_cat?post=724"},{"taxonomy":"product_tag","embeddable":true,"href":"https:\/\/www.yukokuramatsu.com\/en_us\/wp-json\/wp\/v2\/product_tag?post=724"}],"curies":[{"name":"wp","href":"https:\/\/api.w.org\/{rel}","templated":true}]}}