{"id":865,"date":"2020-12-03T16:31:55","date_gmt":"2020-12-03T15:31:55","guid":{"rendered":"https:\/\/www.yukokuramatsu.com\/produit\/broche-gateau-japonais-6\/"},"modified":"2025-08-26T14:47:41","modified_gmt":"2025-08-26T12:47:41","slug":"broche-gateau-japonais-6","status":"publish","type":"product","link":"https:\/\/www.yukokuramatsu.com\/ja_jp\/product\/broche-gateau-japonais-6\/","title":{"rendered":"Broche Murmure d&rsquo;eau orange C"},"content":{"rendered":"<div class=\"tab-pane fade in active\" id=\"description\">\n<div class=\"product-description\">\n<p><strong>Nerikomi : ni peint ni imprim\u00e9<\/strong><\/p>\n<p>Broche en porcelaine, en motif murmure d&rsquo;eau, dans le ton orange chic, faite avec la technique \u201cnerikomi\u201d, autrement dit n\u00e9riage, terres-m\u00eal\u00e9es. Les couleurs sont dans la masse, ce n\u2019est ni peint ni imprim\u00e9. Les d\u00e9grad\u00e9 de couleurs ou les lignes, tout ce que vous voyez sur cette pi\u00e8ce sont le r\u00e9sultat de assemblage de petits morceaux de porcelaine teint\u00e9es pr\u00e9alablement par Yuko, elle-m\u00eame. <br \/> Veuillez noter qu&rsquo;il s&rsquo;agit d&rsquo;une petite s\u00e9rie, il n&rsquo;y a pas deux pi\u00e8ces identiques, au niveau de la forme et les d\u00e9tails.<\/p>\n<p>Celle broche, elle sera avec vous sur votre pull, votre manteau, votre bonnet, votre sac&#8230; ^_^ Pour elle, pour lui, pour jeune et pour sage !!<\/p>\n<p><span style=\"text-decoration:underline;\">La carte d&rsquo;explicatif de la technique et la notice d\u2019entretien fournie avec.<\/span><\/p>\n<\/p><\/div>\n<\/p><\/div>","protected":false},"excerpt":{"rendered":"<div id=\"product-description-short-60\">\n<p>Broche en porcelaine en motif murmure d&rsquo;eau, dans le ton orange chic.<\/p>\n<div id=\"product-description-short-23\">\n<p>Ces couleurs, ce n&rsquo;est pas peint, c&rsquo;est r\u00e9alis\u00e9 avec la technique Nerikomi : le modelage de petits morceaux de porcelaines color\u00e9es !! ^-^ Vous allez aimer porter cette broche !! ^-^ Ou \u00e0 offrir, pour elle, pour lui, pour tous ^_^ Tout simple, tout efficace !!<\/p>\n<p><span style=\"text-decoration:underline;\">Nouvelle \u00e9pingle, nouvelle colle !!!<\/span><\/p>\n<\/p><\/div>\n<\/p><\/div>","protected":false},"featured_media":863,"template":"","meta":{"_eb_attr":"","_uag_custom_page_level_css":"","pgc_sgb_lightbox_settings":"","_EventAllDay":false,"_EventTimezone":"","_EventStartDate":"","_EventEndDate":"","_EventStartDateUTC":"","_EventEndDateUTC":"","_EventShowMap":false,"_EventShowMapLink":false,"_EventURL":"","_EventCost":"","_EventCostDescription":"","_EventCurrencySymbol":"","_EventCurrencyCode":"","_EventCurrencyPosition":"","_EventDateTimeSeparator":"","_EventTimeRangeSeparator":"","_EventOrganizerID":[],"_EventVenueID":[],"_OrganizerEmail":"","_OrganizerPhone":"","_OrganizerWebsite":"","_VenueAddress":"","_VenueCity":"","_VenueCountry":"","_VenueProvince":"","_VenueState":"","_VenueZip":"","_VenuePhone":"","_VenueURL":"","_VenueStateProvince":"","_VenueLat":"","_VenueLng":"","_VenueShowMap":false,"_VenueShowMapLink":false},"product_brand":[],"product_cat":[62,59],"product_tag":[],"class_list":{"0":"post-865","1":"product","2":"type-product","3":"status-publish","4":"has-post-thumbnail","6":"product_cat-broches-et-pin-s","7":"product_cat-deco-et-accessoires","8":"pa_couleur-3c-orange_rose","9":"pa_dimensions-fb-37x37x3mm7mmaveclepingle","10":"pa_matieres-8b-porcelaine","11":"pa_motif-02-murmuredeau","13":"first","14":"instock","15":"shipping-taxable","16":"product-type-simple"},"uagb_featured_image_src":{"full":["https:\/\/www.yukokuramatsu.com\/wp-content\/uploads\/2020\/12\/185-Broche-Murmure-deau-orange-C.jpg",2160,2160,false],"thumbnail":["https:\/\/www.yukokuramatsu.com\/wp-content\/uploads\/2020\/12\/185-Broche-Murmure-deau-orange-C-150x150.jpg",150,150,true],"medium":["https:\/\/www.yukokuramatsu.com\/wp-content\/uploads\/2020\/12\/185-Broche-Murmure-deau-orange-C-300x300.jpg",300,300,true],"medium_large":["https:\/\/www.yukokuramatsu.com\/wp-content\/uploads\/2020\/12\/185-Broche-Murmure-deau-orange-C-768x768.jpg",768,768,true],"large":["https:\/\/www.yukokuramatsu.com\/wp-content\/uploads\/2020\/12\/185-Broche-Murmure-deau-orange-C-1024x1024.jpg",1024,1024,true],"1536x1536":["https:\/\/www.yukokuramatsu.com\/wp-content\/uploads\/2020\/12\/185-Broche-Murmure-deau-orange-C-1536x1536.jpg",1536,1536,true],"2048x2048":["https:\/\/www.yukokuramatsu.com\/wp-content\/uploads\/2020\/12\/185-Broche-Murmure-deau-orange-C-2048x2048.jpg",2048,2048,true],"trp-custom-language-flag":["https:\/\/www.yukokuramatsu.com\/wp-content\/uploads\/2020\/12\/185-Broche-Murmure-deau-orange-C-12x12.jpg",12,12,true],"mailpoet_newsletter_max":["https:\/\/www.yukokuramatsu.com\/wp-content\/uploads\/2020\/12\/185-Broche-Murmure-deau-orange-C-1320x1320.jpg",1320,1320,true],"woocommerce_thumbnail":["https:\/\/www.yukokuramatsu.com\/wp-content\/uploads\/2020\/12\/185-Broche-Murmure-deau-orange-C-450x450.jpg",450,450,true],"woocommerce_single":["https:\/\/www.yukokuramatsu.com\/wp-content\/uploads\/2020\/12\/185-Broche-Murmure-deau-orange-C-600x600.jpg",600,600,true],"woocommerce_gallery_thumbnail":["https:\/\/www.yukokuramatsu.com\/wp-content\/uploads\/2020\/12\/185-Broche-Murmure-deau-orange-C-100x100.jpg",100,100,true]},"uagb_author_info":{"display_name":"yukok","author_link":"https:\/\/www.yukokuramatsu.com\/ja_jp\/author\/"},"uagb_comment_info":0,"uagb_excerpt":"Broche en porcelaine en motif murmure d'eau, dans le ton orange chic. Ces couleurs, ce n'est pas peint, c'est r\u00e9alis\u00e9 avec la technique Nerikomi : le modelage de petits morceaux de porcelaines color\u00e9es !! ^-^ Vous allez aimer porter cette broche !! ^-^ Ou \u00e0 offrir, pour elle, pour lui, pour tous ^_^ Tout simple,&hellip;","jetpack_sharing_enabled":true,"_links":{"self":[{"href":"https:\/\/www.yukokuramatsu.com\/ja_jp\/wp-json\/wp\/v2\/product\/865","targetHints":{"allow":["GET"]}}],"collection":[{"href":"https:\/\/www.yukokuramatsu.com\/ja_jp\/wp-json\/wp\/v2\/product"}],"about":[{"href":"https:\/\/www.yukokuramatsu.com\/ja_jp\/wp-json\/wp\/v2\/types\/product"}],"wp:featuredmedia":[{"embeddable":true,"href":"https:\/\/www.yukokuramatsu.com\/ja_jp\/wp-json\/wp\/v2\/media\/863"}],"wp:attachment":[{"href":"https:\/\/www.yukokuramatsu.com\/ja_jp\/wp-json\/wp\/v2\/media?parent=865"}],"wp:term":[{"taxonomy":"product_brand","embeddable":true,"href":"https:\/\/www.yukokuramatsu.com\/ja_jp\/wp-json\/wp\/v2\/product_brand?post=865"},{"taxonomy":"product_cat","embeddable":true,"href":"https:\/\/www.yukokuramatsu.com\/ja_jp\/wp-json\/wp\/v2\/product_cat?post=865"},{"taxonomy":"product_tag","embeddable":true,"href":"https:\/\/www.yukokuramatsu.com\/ja_jp\/wp-json\/wp\/v2\/product_tag?post=865"}],"curies":[{"name":"wp","href":"https:\/\/api.w.org\/{rel}","templated":true}]}}